{"id":14,"date":"2018-04-10T09:46:46","date_gmt":"2018-04-10T09:46:46","guid":{"rendered":"http:\/\/dubai-decoracion.com\/?page_id=14"},"modified":"2022-06-09T17:25:52","modified_gmt":"2022-06-09T17:25:52","slug":"housolution","status":"publish","type":"page","link":"https:\/\/www.housolution.es\/es\/","title":{"rendered":"HOUSOLUTION"},"content":{"rendered":"<p>[vc_row type=\u00bbvc_default\u00bb full_width=\u00bbstretch_row_content_no_spaces\u00bb css=\u00bb.vc_custom_1555382701152{margin-top: -50px !important;}\u00bb][vc_column][vc_single_image image=\u00bb496&#8243; img_size=\u00bbfull\u00bb alignment=\u00bbcenter\u00bb][\/vc_column][\/vc_row][vc_row type=\u00bbvc_default\u00bb full_width=\u00bbstretch_row\u00bb css=\u00bb.vc_custom_1653963682003{margin-top: -40px !important;background-color: #560114 !important;}\u00bb][vc_column][vc_column_text]<\/p>\n<h3 id=\"titmovil\" style=\"text-align: center;\"><span style=\"color: #ffffff;\">\u00bfEst\u00e1s buscando un nuevo hogar? Contacta con nosotros para ponerte al d\u00eda sobre nuestras promociones de viviendas y consigue la casa que siempre has so\u00f1ado.<\/span><\/h3>\n<p>[\/vc_column_text][\/vc_column][\/vc_row][vc_row][vc_column][vc_column_text]<\/p>\n<h2 style=\"text-align: center;\">CASAS OBRA NUEVA &#8211; PROMOCI\u00d3N ESPECIAL EN TERRASSA<\/h2>\n<p>[\/vc_column_text][vc_column_text]<img loading=\"lazy\" class=\"aligncenter size-full wp-image-543\" src=\"https:\/\/www.housolution.es\/wp-content\/uploads\/Promo-Inicial-Compacto-2.jpg\" alt=\"\" width=\"1110\" height=\"1619\" srcset=\"https:\/\/www.housolution.es\/wp-content\/uploads\/Promo-Inicial-Compacto-2.jpg 1110w, https:\/\/www.housolution.es\/wp-content\/uploads\/Promo-Inicial-Compacto-2-206x300.jpg 206w, https:\/\/www.housolution.es\/wp-content\/uploads\/Promo-Inicial-Compacto-2-702x1024.jpg 702w, https:\/\/www.housolution.es\/wp-content\/uploads\/Promo-Inicial-Compacto-2-768x1120.jpg 768w, https:\/\/www.housolution.es\/wp-content\/uploads\/Promo-Inicial-Compacto-2-1053x1536.jpg 1053w\" sizes=\"(max-width: 1110px) 100vw, 1110px\" \/>[\/vc_column_text][\/vc_column][\/vc_row][vc_row type=\u00bb1&#8243; bg_color=\u00bb#ffffff\u00bb enable_parallax=\u00bbfalse\u00bb anchor=\u00bbnuestro-equipo\u00bb css=\u00bb.vc_custom_1653889272858{background-color: #f2f2f2 !important;}\u00bb][vc_column][vc_empty_space height=\u00bb36px\u00bb][vc_empty_space height=\u00bb24px\u00bb][vc_column_text]<\/p>\n<h2 style=\"text-align: center;\">NUESTRO EQUIPO<\/h2>\n<p>[\/vc_column_text][vc_empty_space height=\u00bb24px\u00bb][\/vc_column][vc_column][vc_row_inner][vc_column_inner][vc_column_text]<\/p>\n<p style=\"text-align: center;\"><strong>HOUSOLUTION<\/strong> est\u00e1 formado por un equipo de profesionales con amplia experiencia en el sector, apoyado por una extensa red de colaboradores y t\u00e9cnicos especializados en la construcci\u00f3n de viviendas.<\/p>\n<p>[\/vc_column_text][vc_single_image image=\u00bb500&#8243; img_size=\u00bbfull\u00bb alignment=\u00bbcenter\u00bb][\/vc_column_inner][\/vc_row_inner][\/vc_column][\/vc_row][vc_row type=\u00bbvc_default\u00bb full_width=\u00bbstretch_row_content_no_spaces\u00bb][vc_column][vc_empty_space height=\u00bb24px\u00bb][vc_empty_space height=\u00bb36px\u00bb][\/vc_column][\/vc_row][vc_row type=\u00bb1&#8243; bg_color=\u00bb#fcfcfc\u00bb enable_parallax=\u00bbfalse\u00bb anchor=\u00bbproyectos-en-venta\u00bb css=\u00bb.vc_custom_1653889622056{background-color: #efefef !important;}\u00bb][vc_column][vc_empty_space height=\u00bb24px\u00bb][vc_empty_space height=\u00bb24px\u00bb][vc_column_text]<\/p>\n<h2 style=\"text-align: center;\">PROYECTOS EN VENTA<\/h2>\n<p>[\/vc_column_text][vc_empty_space][vc_column_text]<\/p>\n<div style=\"text-align: justify;\">\n<p><strong><u>Residencial l\u2019Anella Verda<\/u><\/strong><\/p>\n<p>HOUSOLUTION proyecta la edificaci\u00f3n de 7 casas de obra nueva junto a la estaci\u00f3n de ferrocarril de Terrassa Este. Construidas con materiales de m\u00e1xima calidad, combinando m\u00e9todos tradicionales con tecnolog\u00edas m\u00e1s e\ufb01cientes, para garantizar el confort de sus habitantes, cuidando el gasto energ\u00e9tico, que cada vez tiene m\u00e1s importancia.<\/p>\n<\/div>\n<p>[\/vc_column_text][vc_single_image image=\u00bb502&#8243; img_size=\u00bbfull\u00bb alignment=\u00bbcenter\u00bb][vc_column_text]<\/p>\n<div style=\"text-align: justify;\">\n<p>Las casas estar\u00e1n construidas en 3 plantas, con la siguiente distribuci\u00f3n de espacios:<\/p>\n<p>A pie de calle encontramos el aparcamiento privado y el recibidor que da acceso al comedor con cocina integrada y sala de estar con salida directa al patio. Adem\u00e1s de un peque\u00f1o ba\u00f1o.<\/p>\n<p>En la planta primera hay tres dormitorios, uno de ellos tipo suite, dos ba\u00f1os y un espacio para la colada.<\/p>\n<p>En la segunda planta hay una sala di\u00e1fana de uso polivalente, que puede destinarse a estudio, sala de lectura o dormitorio, desde donde podremos disfrutar de una fant\u00e1stica terraza con sol\u00e1rium.<\/p>\n<\/div>\n<p>[\/vc_column_text][vc_row_inner][vc_column_inner width=\u00bb1\/2&#8243;][vc_single_image image=\u00bb503&#8243; img_size=\u00bbfull\u00bb alignment=\u00bbcenter\u00bb onclick=\u00bblink_image\u00bb][\/vc_column_inner][vc_column_inner width=\u00bb1\/2&#8243;][vc_single_image image=\u00bb504&#8243; img_size=\u00bbfull\u00bb alignment=\u00bbcenter\u00bb onclick=\u00bblink_image\u00bb][\/vc_column_inner][\/vc_row_inner][vc_row_inner][vc_column_inner width=\u00bb1\/2&#8243;][vc_single_image image=\u00bb505&#8243; img_size=\u00bbfull\u00bb alignment=\u00bbcenter\u00bb onclick=\u00bblink_image\u00bb][\/vc_column_inner][vc_column_inner width=\u00bb1\/2&#8243;][vc_single_image image=\u00bb506&#8243; img_size=\u00bbfull\u00bb alignment=\u00bbcenter\u00bb onclick=\u00bblink_image\u00bb][\/vc_column_inner][\/vc_row_inner][vc_row_inner][vc_column_inner width=\u00bb1\/2&#8243;][vc_single_image image=\u00bb507&#8243; img_size=\u00bbfull\u00bb alignment=\u00bbcenter\u00bb onclick=\u00bblink_image\u00bb][\/vc_column_inner][vc_column_inner width=\u00bb1\/2&#8243;][vc_single_image image=\u00bb508&#8243; img_size=\u00bbfull\u00bb alignment=\u00bbcenter\u00bb onclick=\u00bblink_image\u00bb][\/vc_column_inner][\/vc_row_inner][vc_empty_space height=\u00bb24px\u00bb][vc_empty_space height=\u00bb24px\u00bb][vc_column_text]<\/p>\n<div style=\"text-align: justify;\">\n<p><strong><u>Claustre \u2013 Vallparad\u00eds<\/u><\/strong><\/p>\n<p>Casa de obra nueva, dise\u00f1ada para optimizar los espacios y dotada de la \u00faltima tecnolog\u00eda como la Aerotermia por suelo radiante, que se combina con unos acabados de la m\u00e1xima calidad.<\/p>\n<\/div>\n<p>[\/vc_column_text][vc_row_inner][vc_column_inner width=\u00bb1\/2&#8243;][vc_single_image image=\u00bb512&#8243; img_size=\u00bbfull\u00bb alignment=\u00bbcenter\u00bb onclick=\u00bblink_image\u00bb][\/vc_column_inner][vc_column_inner width=\u00bb1\/2&#8243;][vc_single_image image=\u00bb513&#8243; img_size=\u00bbfull\u00bb alignment=\u00bbcenter\u00bb onclick=\u00bblink_image\u00bb][\/vc_column_inner][\/vc_row_inner][vc_row_inner][vc_column_inner width=\u00bb1\/2&#8243;][vc_single_image image=\u00bb514&#8243; img_size=\u00bbfull\u00bb alignment=\u00bbcenter\u00bb onclick=\u00bblink_image\u00bb][\/vc_column_inner][vc_column_inner width=\u00bb1\/2&#8243;][vc_single_image image=\u00bb515&#8243; img_size=\u00bbfull\u00bb alignment=\u00bbcenter\u00bb onclick=\u00bblink_image\u00bb][\/vc_column_inner][\/vc_row_inner][vc_empty_space height=\u00bb24px\u00bb][vc_empty_space height=\u00bb24px\u00bb][\/vc_column][\/vc_row][vc_row type=\u00bb1&#8243; bg_color=\u00bb#ffffff\u00bb enable_parallax=\u00bbfalse\u00bb anchor=\u00bbproyectos-construidos\u00bb css=\u00bb.vc_custom_1653891562598{background-color: #efefef !important;}\u00bb][vc_column][vc_empty_space height=\u00bb24px\u00bb][vc_empty_space height=\u00bb24px\u00bb][vc_column_text]<\/p>\n<h2 style=\"text-align: center;\">PROYECTOS CONSTRUIDOS<\/h2>\n<p>[\/vc_column_text][vc_empty_space][vc_column_text]<\/p>\n<div style=\"text-align: justify;\">\n<p><strong><u>Salvador Busquets \u2013 Vallparad\u00eds<\/u><\/strong><\/p>\n<p>La convergencia de espacios como filosof\u00eda de dise\u00f1o, creando un inmueble de dimensiones contenidas, que lo hacen ideal para su practicidad y para tu confort.<\/p>\n<\/div>\n<p>[\/vc_column_text][vc_single_image image=\u00bb517&#8243; img_size=\u00bbfull\u00bb alignment=\u00bbcenter\u00bb onclick=\u00bblink_image\u00bb][vc_btn title=\u00bbVER VISITA VIRTUAL\u00bb style=\u00bbcustom\u00bb custom_background=\u00bb#b9b081&#8243; custom_text=\u00bb#ffffff\u00bb size=\u00bblg\u00bb align=\u00bbleft\u00bb i_icon_fontawesome=\u00bbfar fa-hand-point-right\u00bb add_icon=\u00bbtrue\u00bb link=\u00bburl:https%3A%2F%2Fwww.espaciosvirtuales.es%2FClientes%2FCLD%2FTSBusquets2%2Findex.html|target:_blank\u00bb][vc_row_inner][vc_column_inner width=\u00bb1\/2&#8243;][vc_single_image image=\u00bb518&#8243; img_size=\u00bbfull\u00bb alignment=\u00bbcenter\u00bb onclick=\u00bblink_image\u00bb][\/vc_column_inner][vc_column_inner width=\u00bb1\/2&#8243;][vc_single_image image=\u00bb519&#8243; img_size=\u00bbfull\u00bb alignment=\u00bbcenter\u00bb onclick=\u00bblink_image\u00bb][\/vc_column_inner][\/vc_row_inner][vc_row_inner][vc_column_inner width=\u00bb1\/2&#8243;][vc_single_image image=\u00bb520&#8243; img_size=\u00bbfull\u00bb alignment=\u00bbcenter\u00bb onclick=\u00bblink_image\u00bb][\/vc_column_inner][vc_column_inner width=\u00bb1\/2&#8243;][vc_single_image image=\u00bb521&#8243; img_size=\u00bbfull\u00bb alignment=\u00bbcenter\u00bb onclick=\u00bblink_image\u00bb][\/vc_column_inner][\/vc_row_inner][vc_row_inner][vc_column_inner width=\u00bb1\/2&#8243;][vc_single_image image=\u00bb522&#8243; img_size=\u00bbfull\u00bb alignment=\u00bbcenter\u00bb onclick=\u00bblink_image\u00bb][\/vc_column_inner][vc_column_inner width=\u00bb1\/2&#8243;][vc_single_image image=\u00bb523&#8243; img_size=\u00bbfull\u00bb alignment=\u00bbcenter\u00bb onclick=\u00bblink_image\u00bb][\/vc_column_inner][\/vc_row_inner][vc_empty_space height=\u00bb24px\u00bb][vc_empty_space height=\u00bb24px\u00bb][vc_column_text]<\/p>\n<div style=\"text-align: justify;\">\n<p><strong><u>Topete &#8211; Centre<\/u><\/strong><\/p>\n<p>Inmueble con un dise\u00f1o \u00fanico y mucho car\u00e1cter. Teniendo como eje principal un amplio sal\u00f3n-comedor con cocina integrada y acceso directo a una fant\u00e1stica terraza.<\/p>\n<\/div>\n<p>[\/vc_column_text][vc_row_inner][vc_column_inner][vc_single_image image=\u00bb528&#8243; img_size=\u00bbfull\u00bb alignment=\u00bbcenter\u00bb onclick=\u00bblink_image\u00bb][\/vc_column_inner][\/vc_row_inner][vc_row_inner][vc_column_inner width=\u00bb1\/2&#8243;][vc_single_image image=\u00bb530&#8243; img_size=\u00bbfull\u00bb alignment=\u00bbcenter\u00bb onclick=\u00bblink_image\u00bb][\/vc_column_inner][vc_column_inner width=\u00bb1\/2&#8243;][vc_single_image image=\u00bb531&#8243; img_size=\u00bbfull\u00bb alignment=\u00bbcenter\u00bb onclick=\u00bblink_image\u00bb][\/vc_column_inner][\/vc_row_inner][vc_row_inner][vc_column_inner width=\u00bb1\/2&#8243;][vc_single_image image=\u00bb532&#8243; img_size=\u00bbfull\u00bb alignment=\u00bbcenter\u00bb onclick=\u00bblink_image\u00bb][\/vc_column_inner][vc_column_inner width=\u00bb1\/2&#8243;][vc_single_image image=\u00bb533&#8243; img_size=\u00bbfull\u00bb alignment=\u00bbcenter\u00bb onclick=\u00bblink_image\u00bb][\/vc_column_inner][\/vc_row_inner][vc_empty_space height=\u00bb24px\u00bb][vc_empty_space height=\u00bb24px\u00bb][\/vc_column][\/vc_row][vc_row type=\u00bbvc_default\u00bb full_width=\u00bbstretch_row_content_no_spaces\u00bb][vc_column][vc_empty_space height=\u00bb24px\u00bb][vc_empty_space height=\u00bb36px\u00bb][vc_separator color=\u00bbcustom\u00bb style=\u00bbshadow\u00bb accent_color=\u00bb#d8d8d8&#8243;][\/vc_column][\/vc_row][vc_row type=\u00bb1&#8243; bg_color=\u00bb#ffffff\u00bb enable_parallax=\u00bbfalse\u00bb anchor=\u00bbcontacta-con-nosotros\u00bb css=\u00bb.vc_custom_1653892367473{background-color: #ffffff !important;}\u00bb][vc_column][vc_empty_space height=\u00bb24px\u00bb][vc_column_text]<\/p>\n<h2 style=\"text-align: center;\">CONTACTA CON NOSOTROS<\/h2>\n<p>[\/vc_column_text][vc_column_text]<\/p>\n<div style=\"text-align: center;\">\n<p>\u00bfEst\u00e1 interesado por nuestros proyectos?<br \/>\n\u00bfTiene un terreno y quiere construir su hogar?<br \/>\nEstaremos encantados de atender a sus inquietudes.<\/p>\n<\/div>\n<p>[\/vc_column_text][vc_empty_space height=\u00bb24px\u00bb][vc_row_inner][vc_column_inner width=\u00bb1\/6&#8243;][\/vc_column_inner][vc_column_inner width=\u00bb2\/6&#8243;][vc_column_text]<img loading=\"lazy\" class=\"wp-image-491 size-full alignnone\" src=\"https:\/\/www.housolution.es\/wp-content\/uploads\/New-Logo-Housolution.png\" alt=\"\" width=\"298\" height=\"100\" \/><\/p>\n<div style=\"margin-left: 7px; margin-top: 42px;\">\n<p><i class=\"fa icon-phone\"><\/i> <a href=\"tel:633135762\">633135762<\/a><\/p>\n<p><i class=\"fa icon-mail\"><\/i> <a href=\"mailto:housolutionsl@gmail.com \">housolutionsl@gmail.com<\/a><\/p>\n<\/div>\n<p>[\/vc_column_text][vc_raw_html]JTNDYSUyMGNsYXNzJTNEJTIydmNfZ2VuZXJhbCUyMHZjX2J0bjMlMjB2Y19idG4zLXNpemUtbWQlMjB2Y19idG4zLXNoYXBlLXJvdW5kZWQlMjB2Y19idG4zLXN0eWxlLW1vZGVybiUyMHZjX2J0bjMtaWNvbi1sZWZ0JTIwdmNfYnRuMy1jb2xvci1zdWNjZXNzJTIyJTIwaHJlZiUzRCUyMmh0dHBzJTNBJTJGJTJGYXBpLndoYXRzYXBwLmNvbSUyRnNlbmQlM0ZwaG9uZSUzRDYzMzEzNTc2MiUyNmFtcCUzQnRleHQlM0RIb2xhJTIxJTIyJTNFJTNDaSUyMGNsYXNzJTNEJTIydmNfYnRuMy1pY29uJTIwZmElMjBmYS13aGF0c2FwcCUyMiUzRSUzQyUyRmklM0UlMjBFbnYlQzMlQURhbm9zJTIwdW4lMjB3aGF0c2FwcCUzQyUyRmElM0U=[\/vc_raw_html][\/vc_column_inner][vc_column_inner width=\u00bb2\/6&#8243;]<div role=\"form\" class=\"wpcf7\" id=\"wpcf7-f6-o1\" lang=\"es-ES\" dir=\"ltr\">\n<div class=\"screen-reader-response\"><p role=\"status\" aria-live=\"polite\" aria-atomic=\"true\"><\/p> <ul><\/ul><\/div>\n<form action=\"\/es\/wp-json\/wp\/v2\/pages\/14#wpcf7-f6-o1\" method=\"post\" class=\"wpcf7-form init\" novalidate=\"novalidate\" data-status=\"init\">\n<div style=\"display: none;\">\n<input type=\"hidden\" name=\"_wpcf7\" value=\"6\" \/>\n<input type=\"hidden\" name=\"_wpcf7_version\" value=\"5.6.1\" \/>\n<input type=\"hidden\" name=\"_wpcf7_locale\" value=\"es_ES\" \/>\n<input type=\"hidden\" name=\"_wpcf7_unit_tag\" value=\"wpcf7-f6-o1\" \/>\n<input type=\"hidden\" name=\"_wpcf7_container_post\" value=\"0\" \/>\n<input type=\"hidden\" name=\"_wpcf7_posted_data_hash\" value=\"\" \/>\n<\/div>\n<p><span class=\"wpcf7-form-control-wrap\" data-name=\"your-name\"><input type=\"text\" name=\"your-name\" value=\"\" size=\"40\" class=\"wpcf7-form-control wpcf7-text wpcf7-validates-as-required\" aria-required=\"true\" aria-invalid=\"false\" placeholder=\"Nom \/ Nombre*\" \/><\/span><\/p>\n<p><span class=\"wpcf7-form-control-wrap\" data-name=\"your-email\"><input type=\"email\" name=\"your-email\" value=\"\" size=\"40\" class=\"wpcf7-form-control wpcf7-text wpcf7-email wpcf7-validates-as-required wpcf7-validates-as-email\" aria-required=\"true\" aria-invalid=\"false\" placeholder=\"Email*\" \/><\/span><\/p>\n<p><span class=\"wpcf7-form-control-wrap\" data-name=\"tel\"><input type=\"text\" name=\"tel\" value=\"\" size=\"40\" class=\"wpcf7-form-control wpcf7-text\" aria-invalid=\"false\" placeholder=\"Tel\u00e8fon \/ Tel\u00e9fono\" \/><\/span><\/p>\n<p><span class=\"wpcf7-form-control-wrap\" data-name=\"your-message\"><textarea name=\"your-message\" cols=\"40\" rows=\"4\" class=\"wpcf7-form-control wpcf7-textarea\" aria-invalid=\"false\" placeholder=\"Missatge \/ Mensaje\"><\/textarea><\/span><\/p>\n<p><input type=\"submit\" value=\"Enviar\" class=\"wpcf7-form-control has-spinner wpcf7-submit\" \/><\/p>\n<div class=\"wpcf7-response-output\" aria-hidden=\"true\"><\/div><\/form><\/div>[\/vc_column_inner][vc_column_inner width=\u00bb1\/6&#8243;][\/vc_column_inner][\/vc_row_inner][\/vc_column][\/vc_row]<\/p>\n","protected":false},"excerpt":{"rendered":"<p>[vc_row type=\u00bbvc_default\u00bb full_width=\u00bbstretch_row_content_no_spaces\u00bb css=\u00bb.vc_custom_1555382701152{margin-top: -50px !important;}\u00bb][vc_column][vc_single_image image=\u00bb496&#8243; img_size=\u00bbfull\u00bb alignment=\u00bbcenter\u00bb][\/vc_column][\/vc_row][vc_row type=\u00bbvc_default\u00bb full_width=\u00bbstretch_row\u00bb css=\u00bb.vc_custom_1653963682003{margin-top: -40px !important;background-color: #560114 !important;}\u00bb][vc_column][vc_column_text] \u00bfEst\u00e1s buscando un nuevo hogar? Contacta con nosotros para ponerte al d\u00eda sobre nuestras promociones de viviendas y consigue la casa que siempre has so\u00f1ado. [\/vc_column_text][\/vc_column][\/vc_row][vc_row][vc_column][vc_column_text] CASAS OBRA NUEVA &#8211; PROMOCI\u00d3N ESPECIAL EN TERRASSA [\/vc_column_text][vc_column_text][\/vc_column_text][\/vc_column][\/vc_row][vc_row type=\u00bb1&#8243; bg_color=\u00bb#ffffff\u00bb enable_parallax=\u00bbfalse\u00bb anchor=\u00bbnuestro-equipo\u00bb&hellip;<\/p>\n","protected":false},"author":1,"featured_media":0,"parent":0,"menu_order":0,"comment_status":"closed","ping_status":"closed","template":"","meta":{"_joinchat":[]},"_links":{"self":[{"href":"https:\/\/www.housolution.es\/es\/wp-json\/wp\/v2\/pages\/14"}],"collection":[{"href":"https:\/\/www.housolution.es\/es\/wp-json\/wp\/v2\/pages"}],"about":[{"href":"https:\/\/www.housolution.es\/es\/wp-json\/wp\/v2\/types\/page"}],"author":[{"embeddable":true,"href":"https:\/\/www.housolution.es\/es\/wp-json\/wp\/v2\/users\/1"}],"replies":[{"embeddable":true,"href":"https:\/\/www.housolution.es\/es\/wp-json\/wp\/v2\/comments?post=14"}],"version-history":[{"count":189,"href":"https:\/\/www.housolution.es\/es\/wp-json\/wp\/v2\/pages\/14\/revisions"}],"predecessor-version":[{"id":411,"href":"https:\/\/www.housolution.es\/es\/wp-json\/wp\/v2\/pages\/14\/revisions\/411"}],"wp:attachment":[{"href":"https:\/\/www.housolution.es\/es\/wp-json\/wp\/v2\/media?parent=14"}],"curies":[{"name":"wp","href":"https:\/\/api.w.org\/{rel}","templated":true}]}}